{"id":5498,"date":"2017-10-24T20:37:50","date_gmt":"2017-10-24T18:37:50","guid":{"rendered":"https:\/\/www.gcmurstaetten.at\/impressum\/"},"modified":"2021-02-15T09:50:43","modified_gmt":"2021-02-15T08:50:43","slug":"imprint","status":"publish","type":"page","link":"https:\/\/www.gcmurstaetten.at\/en\/imprint\/","title":{"rendered":"Imprint"},"content":{"rendered":"<div class=\"wpb-content-wrapper\"><p>[vc_row][vc_column][vc_column_text]<\/p>\n<h1 class=\"heading-underline\" style=\"text-align: center\">Impressum<\/h1>\n<p>[\/vc_column_text][\/vc_column][\/vc_row][vc_row][vc_column width=&#8221;1\/2&#8243;][vc_column_text]<\/p>\n<p class=\"impressum-header\">Offenlegung gem\u00e4\u00df \u00a7 25 MedienG<\/p>\n<h3>Grundlegende Richtung<\/h3>\n<p>Diese Website hat den Zweck, den Golfclub Gut Murst\u00e4tten und seine Leistungen\/Produkten der breiten \u00d6ffentlichkeit zu pr\u00e4sentieren und \u00fcber Themen rund um die Bereiche Golf zu informieren.\u00a0 Die Website wird in unregelm\u00e4\u00dfigen Abst\u00e4nden aktualisiert .<\/p>\n<h3>Disclaimer<\/h3>\n<p>Die Inhalte unserer Website wurden mit gr\u00f6\u00dfter Sorgfalt erstellt. M\u00e4ngel betreffend die Richtigkeit, Vollst\u00e4ndigkeit und Aktualit\u00e4t der Inhalte k\u00f6nnen aber dennoch nicht g\u00e4nzlich ausgeschlossen werden. Wir \u00fcbernehmen keine Garantie f\u00fcr Richtigkeit, Vollst\u00e4ndigkeit oder Aktualit\u00e4t der Inhalte.<\/p>\n<h3>Haftung f\u00fcr Links<\/h3>\n<p>Unsere Website enth\u00e4lt Links zu externen Webseiten Dritter, auf deren Inhalte wir keinen Einfluss haben. Deshalb k\u00f6nnen wir f\u00fcr diese fremden Inhalte keine Gew\u00e4hr \u00fcbernehmen. F\u00fcr die Inhalte der verlinkten Seiten ist allein der jeweilige Anbieter\/Betreiber dieser externen Seiten verantwortlich. Eine st\u00e4ndige Kontrolle der verlinkten Seiten durch uns ist jedoch ohne konkrete Anhaltspunkte einer Rechtsverletzung nicht zumutbar. Nach Mitteilung von Rechtsverletzungen werden wir derartige Links ggf. umgehend entfernen.<\/p>\n<h3>Urheberrecht<\/h3>\n<p>Wir sind bem\u00fcht, die Urheberrechte anderer zu beachten bzw. auf selbst erstellte sowie lizenzfreie Werke zur\u00fcckzugreifen. Die erstellten Inhalte und Werke auf diesen Seiten unterliegen dem \u00f6sterreichischen Urheberrecht. Die Vervielf\u00e4ltigung, Bearbeitung, Verbreitung und jede Art der Verwertung au\u00dferhalb der Grenzen des Urheberrechtes bed\u00fcrfen unserer schriftlichen Zustimmung.<\/p>\n<h3>Datenschutz<\/h3>\n<p>Der Schutz Ihrer Privatsph\u00e4re bei der Verarbeitung pers\u00f6nlicher Daten sowie die Sicherheit aller Gesch\u00e4ftsdaten sind uns ein wichtiges Anliegen. Wir verarbeiten pers\u00f6nliche Daten, die bei Ihrem Besuch unserer Webseiten erhoben werden, vertraulich und nur gem\u00e4\u00df den gesetzlichen Bestimmungen . Der Golfclub Gut Murst\u00e4tten nutzt Ihre pers\u00f6nlichen Daten zu Zwecken der technischen Administration der Webseiten, zur Kundenverwaltung und f\u00fcr das Marketing nur im jeweils daf\u00fcr erforderlichen Umfang. Wir geben Ihre Daten nicht an Dritte weiter.[\/vc_column_text][\/vc_column][vc_column width=&#8221;1\/2&#8243;][vc_column_text]Impressum gem\u00e4\u00df \u00a7 5(1) ECG und \u00a725 MedienG<\/p>\n<h3>Medieninhaber<\/h3>\n<p>S\u00fcdsteirische Golfanlagen Lebring St. Margarethen<br \/>\nErrichtungs- Betriebs- u . Vermietungsges.m.b.H.<br \/>\nOedt 14<br \/>\nA-8403 Lebring<br \/>\nT: +43 (0) 3182 \/ 35 55<br \/>\nF: +43 (0) 3182 \/ 3688<br \/>\n<a href=\"mailto:gcmurstaetten@golf.at\">gcmurstaetten@golf.at<\/a><br \/>\n<a href=\"http:\/\/gcmurstaetten.at\">www.gcmurstaetten.at<\/a><\/p>\n<p>Firmeninformation lt. ECG &amp; Mediengesetz<br \/>\nUID: ATU 37358505, FN 68984y<br \/>\nFirmenbuchgericht: Landesgericht f\u00fcr ZRS Graz<br \/>\nGesch\u00e4ftsf\u00fchrer: Nikolaus v. Skene<\/p>\n<h3>Konzeption und Umsetzung<\/h3>\n<p>Sunlime Web Innovations GmbH<\/p>\n<h3>Grafischer Input<\/h3>\n<p>Movemus<\/p>\n<h3>Fotos<\/h3>\n<p>S\u00fcdsteirische Golfanlagen<br \/>\n<a href=\"https:\/\/www.shutterstock.com\">Shutterstock<\/a>[\/vc_column_text][\/vc_column][\/vc_row]<\/p>\n<\/div>","protected":false},"excerpt":{"rendered":"<p>[vc_row][vc_column][vc_column_text] Impressum [\/vc_column_text][\/vc_column][\/vc_row][vc_row][vc_column width=&#8221;1\/2&#8243;][vc_column_text] Offenlegung gem\u00e4\u00df \u00a7 25 MedienG Grundlegende Richtung Diese Website hat den Zweck, den Golfclub Gut Murst\u00e4tten und seine Leistungen\/Produkten der breiten \u00d6ffentlichkeit zu pr\u00e4sentieren und \u00fcber Themen rund um die Bereiche Golf zu informieren.\u00a0 Die Website&#8230;<\/p>\n","protected":false},"author":1,"featured_media":0,"parent":0,"menu_order":0,"comment_status":"closed","ping_status":"closed","template":"","meta":{"_acf_changed":false,"inline_featured_image":false,"footnotes":""},"class_list":["post-5498","page","type-page","status-publish","hentry"],"acf":[],"yoast_head":"<!-- This site is optimized with the Yoast SEO plugin v27.4 - https:\/\/yoast.com\/product\/yoast-seo-wordpress\/ -->\n<title>Imprint - Golfclub Gut Murst\u00e4tten<\/title>\n<meta name=\"robots\" content=\"index, follow, max-snippet:-1, max-image-preview:large, max-video-preview:-1\" \/>\n<link rel=\"canonical\" href=\"https:\/\/www.gcmurstaetten.at\/en\/imprint\/\" \/>\n<meta property=\"og:locale\" content=\"en_US\" \/>\n<meta property=\"og:type\" content=\"article\" \/>\n<meta property=\"og:title\" content=\"Imprint - Golfclub Gut Murst\u00e4tten\" \/>\n<meta property=\"og:description\" content=\"[vc_row][vc_column][vc_column_text] Impressum [\/vc_column_text][\/vc_column][\/vc_row][vc_row][vc_column width=&#8221;1\/2&#8243;][vc_column_text] Offenlegung gem\u00e4\u00df \u00a7 25 MedienG Grundlegende Richtung Diese Website hat den Zweck, den Golfclub Gut Murst\u00e4tten und seine Leistungen\/Produkten der breiten \u00d6ffentlichkeit zu pr\u00e4sentieren und \u00fcber Themen rund um die Bereiche Golf zu informieren.\u00a0 Die Website...\" \/>\n<meta property=\"og:url\" content=\"https:\/\/www.gcmurstaetten.at\/en\/imprint\/\" \/>\n<meta property=\"og:site_name\" content=\"Golfclub Gut Murst\u00e4tten\" \/>\n<meta property=\"article:publisher\" content=\"https:\/\/www.facebook.com\/gcmurstaetten\/\" \/>\n<meta property=\"article:modified_time\" content=\"2021-02-15T08:50:43+00:00\" \/>\n<meta property=\"og:image\" content=\"https:\/\/www.gcmurstaetten.at\/wp-content\/uploads\/2017\/10\/banner_gcm5.jpg\" \/>\n\t<meta property=\"og:image:width\" content=\"1920\" \/>\n\t<meta property=\"og:image:height\" content=\"1280\" \/>\n\t<meta property=\"og:image:type\" content=\"image\/jpeg\" \/>\n<meta name=\"twitter:card\" content=\"summary_large_image\" \/>\n<meta name=\"twitter:label1\" content=\"Est. reading time\" \/>\n\t<meta name=\"twitter:data1\" content=\"2 minutes\" \/>\n<script type=\"application\/ld+json\" class=\"yoast-schema-graph\">{\"@context\":\"https:\\\/\\\/schema.org\",\"@graph\":[{\"@type\":\"WebPage\",\"@id\":\"https:\\\/\\\/www.gcmurstaetten.at\\\/en\\\/imprint\\\/\",\"url\":\"https:\\\/\\\/www.gcmurstaetten.at\\\/en\\\/imprint\\\/\",\"name\":\"Imprint - Golfclub Gut Murst\u00e4tten\",\"isPartOf\":{\"@id\":\"https:\\\/\\\/www.gcmurstaetten.at\\\/#website\"},\"datePublished\":\"2017-10-24T18:37:50+00:00\",\"dateModified\":\"2021-02-15T08:50:43+00:00\",\"breadcrumb\":{\"@id\":\"https:\\\/\\\/www.gcmurstaetten.at\\\/en\\\/imprint\\\/#breadcrumb\"},\"inLanguage\":\"en-US\",\"potentialAction\":[{\"@type\":\"ReadAction\",\"target\":[\"https:\\\/\\\/www.gcmurstaetten.at\\\/en\\\/imprint\\\/\"]}]},{\"@type\":\"BreadcrumbList\",\"@id\":\"https:\\\/\\\/www.gcmurstaetten.at\\\/en\\\/imprint\\\/#breadcrumb\",\"itemListElement\":[{\"@type\":\"ListItem\",\"position\":1,\"name\":\"Startseite\",\"item\":\"https:\\\/\\\/www.gcmurstaetten.at\\\/en\\\/\"},{\"@type\":\"ListItem\",\"position\":2,\"name\":\"Imprint\"}]},{\"@type\":\"WebSite\",\"@id\":\"https:\\\/\\\/www.gcmurstaetten.at\\\/#website\",\"url\":\"https:\\\/\\\/www.gcmurstaetten.at\\\/\",\"name\":\"Golfclub Gut Murst\u00e4tten\",\"description\":\"Ein Golfclub der Superlative\",\"potentialAction\":[{\"@type\":\"SearchAction\",\"target\":{\"@type\":\"EntryPoint\",\"urlTemplate\":\"https:\\\/\\\/www.gcmurstaetten.at\\\/?s={search_term_string}\"},\"query-input\":{\"@type\":\"PropertyValueSpecification\",\"valueRequired\":true,\"valueName\":\"search_term_string\"}}],\"inLanguage\":\"en-US\"}]}<\/script>\n<!-- \/ Yoast SEO plugin. -->","yoast_head_json":{"title":"Imprint - Golfclub Gut Murst\u00e4tten","robots":{"index":"index","follow":"follow","max-snippet":"max-snippet:-1","max-image-preview":"max-image-preview:large","max-video-preview":"max-video-preview:-1"},"canonical":"https:\/\/www.gcmurstaetten.at\/en\/imprint\/","og_locale":"en_US","og_type":"article","og_title":"Imprint - Golfclub Gut Murst\u00e4tten","og_description":"[vc_row][vc_column][vc_column_text] Impressum [\/vc_column_text][\/vc_column][\/vc_row][vc_row][vc_column width=&#8221;1\/2&#8243;][vc_column_text] Offenlegung gem\u00e4\u00df \u00a7 25 MedienG Grundlegende Richtung Diese Website hat den Zweck, den Golfclub Gut Murst\u00e4tten und seine Leistungen\/Produkten der breiten \u00d6ffentlichkeit zu pr\u00e4sentieren und \u00fcber Themen rund um die Bereiche Golf zu informieren.\u00a0 Die Website...","og_url":"https:\/\/www.gcmurstaetten.at\/en\/imprint\/","og_site_name":"Golfclub Gut Murst\u00e4tten","article_publisher":"https:\/\/www.facebook.com\/gcmurstaetten\/","article_modified_time":"2021-02-15T08:50:43+00:00","og_image":[{"width":1920,"height":1280,"url":"https:\/\/www.gcmurstaetten.at\/wp-content\/uploads\/2017\/10\/banner_gcm5.jpg","type":"image\/jpeg"}],"twitter_card":"summary_large_image","twitter_misc":{"Est. reading time":"2 minutes"},"schema":{"@context":"https:\/\/schema.org","@graph":[{"@type":"WebPage","@id":"https:\/\/www.gcmurstaetten.at\/en\/imprint\/","url":"https:\/\/www.gcmurstaetten.at\/en\/imprint\/","name":"Imprint - Golfclub Gut Murst\u00e4tten","isPartOf":{"@id":"https:\/\/www.gcmurstaetten.at\/#website"},"datePublished":"2017-10-24T18:37:50+00:00","dateModified":"2021-02-15T08:50:43+00:00","breadcrumb":{"@id":"https:\/\/www.gcmurstaetten.at\/en\/imprint\/#breadcrumb"},"inLanguage":"en-US","potentialAction":[{"@type":"ReadAction","target":["https:\/\/www.gcmurstaetten.at\/en\/imprint\/"]}]},{"@type":"BreadcrumbList","@id":"https:\/\/www.gcmurstaetten.at\/en\/imprint\/#breadcrumb","itemListElement":[{"@type":"ListItem","position":1,"name":"Startseite","item":"https:\/\/www.gcmurstaetten.at\/en\/"},{"@type":"ListItem","position":2,"name":"Imprint"}]},{"@type":"WebSite","@id":"https:\/\/www.gcmurstaetten.at\/#website","url":"https:\/\/www.gcmurstaetten.at\/","name":"Golfclub Gut Murst\u00e4tten","description":"Ein Golfclub der Superlative","potentialAction":[{"@type":"SearchAction","target":{"@type":"EntryPoint","urlTemplate":"https:\/\/www.gcmurstaetten.at\/?s={search_term_string}"},"query-input":{"@type":"PropertyValueSpecification","valueRequired":true,"valueName":"search_term_string"}}],"inLanguage":"en-US"}]}},"_links":{"self":[{"href":"https:\/\/www.gcmurstaetten.at\/en\/wp-json\/wp\/v2\/pages\/5498","targetHints":{"allow":["GET"]}}],"collection":[{"href":"https:\/\/www.gcmurstaetten.at\/en\/wp-json\/wp\/v2\/pages"}],"about":[{"href":"https:\/\/www.gcmurstaetten.at\/en\/wp-json\/wp\/v2\/types\/page"}],"author":[{"embeddable":true,"href":"https:\/\/www.gcmurstaetten.at\/en\/wp-json\/wp\/v2\/users\/1"}],"replies":[{"embeddable":true,"href":"https:\/\/www.gcmurstaetten.at\/en\/wp-json\/wp\/v2\/comments?post=5498"}],"version-history":[{"count":5,"href":"https:\/\/www.gcmurstaetten.at\/en\/wp-json\/wp\/v2\/pages\/5498\/revisions"}],"predecessor-version":[{"id":10988,"href":"https:\/\/www.gcmurstaetten.at\/en\/wp-json\/wp\/v2\/pages\/5498\/revisions\/10988"}],"wp:attachment":[{"href":"https:\/\/www.gcmurstaetten.at\/en\/wp-json\/wp\/v2\/media?parent=5498"}],"curies":[{"name":"wp","href":"https:\/\/api.w.org\/{rel}","templated":true}]}}